{"id":285,"date":"2017-08-03T21:40:54","date_gmt":"2017-08-03T21:40:54","guid":{"rendered":"http:\/\/www.reutum.com\/?page_id=285"},"modified":"2022-12-20T21:05:35","modified_gmt":"2022-12-20T21:05:35","slug":"het-huisje-2","status":"publish","type":"page","link":"https:\/\/www.reutum.com\/?page_id=285","title":{"rendered":"De Omgeving"},"content":{"rendered":"\n<p><u>Praktisch<\/u><\/p>\n\n\n\n<ul>\n<li>Winkels: <ul> <li>Albert Heijn, Ootmarsum<\/li>   <li>Lidl, Ootmarsum<\/li>   <li>Duitsland: Uelsen, Nordhorn (REWE); Duitse supermarkt heeft een bijzonder goed aanbod verse groentes en fruit en goede zuivelproducten (Andechser, Reine Buttermilch), evenals (uiteraard) Duits bier. Maar het Duitse brood vind ik superieur, zeker voor de prijs. Prijzen in Duitsland liggen doorgaans iets lager dan in Nederland.<\/li> <span style=\"color: initial;\"> <\/span><\/ul><ul><li>Albert Heijn, Ootmarsum<\/li>   <li>Lidl, Ootmarsum<\/li>   <li>Duitsland: Uelsen, Nordhorn (REWE); Duitse supermarkt heeft een bijzonder goed aanbod verse groentes en fruit en goede zuivelproducten (Andechser, Reine Buttermilch), evenals (uiteraard) Duits bier. Maar het Duitse brood vind ik superieur, zeker voor de prijs. Prijzen in Duitsland liggen doorgaans iets lager dan in Nederland.<\/li> <span style=\"color: initial;\"> <\/span><\/ul>\n<ul>\n<li>Albert Heijn, Ootmarsum<\/li>\n\n\n\n<li>Lidl, Ootmarsum<\/li>\n\n\n\n<li>Duitsland: Uelsen, Nordhorn (REWE); Duitse supermarkt heeft een bijzonder goed aanbod verse groentes en fruit en goede zuivelproducten (Andechser, Reine Buttermilch), evenals (uiteraard) Duits bier. Maar het Duitse brood vind ik superieur, zeker voor de prijs. Prijzen in Duitsland liggen doorgaans iets lager dan in Nederland.<\/li>\n<\/ul>\n<\/li>\n\n\n\n<li>Toeristische dienst (VVV), Ootmarsum<\/li>\n\n\n\n<li>Winkelcentrum (Hema, Blokker, etc.), Oldenzaal<\/li>\n\n\n\n<li>Fietsen huren: Heisterkamp, Ootmarsum<\/li>\n<\/ul>\n\n\n\n<p><u>Eten en drinken<\/u><\/p>\n\n\n\n<ul>\n<li>Caf\u00e9 in den Guldene Crone, Ootmarsum \u2013 eenvoudig dorpscaf\u00e9 waar de tijd stil is blijven staan. Aantal streekbiertjes, bittertafel (bitterballen, kaassoufl\u00e9tjes, kaas, worst etc.) en bistro menukaart.<\/li>\n\n\n\n<li>Caf\u00e9 Den Engel, Oldenzaal \u2013 prachtig caf\u00e9 op het marktplein van Oldenzaal. Zeer uitgebreide bierkaart, geweldige gehaktballen met bierjus.<\/li>\n\n\n\n<li>Watermolen Bels, Vasse \u2013 oude watermolen waar de pannekoeken (appel-spek!) een aanrader zijn. Mooi tuin-terras, zeer geschikt voor kleinere kinderen. Binnen erg gezellig, altijd gebleven zoals het was. Mooi in alle seizoenen.<\/li>\n\n\n\n<li>Droste\u2019s Herberg, Tubbergen (op weg naar Mander) \u2013 goed restaurant, klassieke gerechten met ingredi\u00ebnten uit de streek. Seizoensgebonden kaart. Zeer vriendelijke bediening, leuk terras.<\/li>\n\n\n\n<li>Het Seminar, Zenderen \u2013 <em>fine dining<\/em> volgend op hun filosofie dat ze, waar mogelijk, alles van eigen land halen, vlees inclusief. Hogere prijsklasse, maar prijs-kwaliteit is goed. Goede wijnkaart, kundige bediening.<\/li>\n<\/ul>\n\n\n\n<p><u>Fijnproevers<\/u><\/p>\n\n\n\n<ul>\n<li>Het Hoepel, Mander \u2013 boerderijwinkel met lekkere kaas (weinig zout) en allerlei verse zuivelproducten van de boerderij. Heerlijke boter, kaas en eieren (en meer) uit de omgeving. Zo ook thee, honing, ijs, stroopwafels en veel meer. Sta versteld hoeveel er in het miniscule winkeltje te vinden is.<\/li>\n\n\n\n<li>Boerderij Elferman \u2013 een must voor vleesliefhebbers. Harry is gepassioneerd over eten en besloot boer te worden en zijn eigen Limousin runderen te houden, waar hij prachtige producten van vervaardigt. De beestjes hebben een goed leven (gehad). Eerlijke prijs, direct van de boer. Even wennen eens je arriveert; er is niet echt een winkel, je moet de boer tegen het lijf lopen. Koffie staat voor je klaar.<\/li>\n\n\n\n<li>Zuivelhoeve, Oldenzaal en Tubbergen \u2013 een lokale keten die zich specialiseert in regionale producten zoals kaas en vlees. Ook grote notenselectie en dingen op te aperitieven\/snacken. Tip: Bunkerkaas (gewoon die van koe, belegen \u2013 de super oude en de geit is ook lekker, maar de belegen koeienkaas is werkelijk \u00e9\u00e9n van de beste Nederlandse kazen \u2013 gerijpt in bunkers).<\/li>\n\n\n\n<li>Twents Wijnhuis, Vasse \u2013 uitgebreide wijnselectie, veelal klassieke wijnen. Goede selectie uit Duitsland en Oostenrijk, maar ook Frankrijk, Spanje, Itali\u00eb en de Nieuwe Wereld zijn goed vertegenwoordigd. Mogelijkheid om lokaal te proeven.<\/li>\n\n\n\n<li>De markt in Oldenzaal \u2013 open op maandag en zaterdag. Verse producten, kaas, loempia\u2019s, verse visstand met heerlijke kibbeling of lekkerbekjes als snack.<\/li>\n\n\n\n<li>Wild: verse vis, gerookte paling en forel staan ze bekend om.<\/li>\n<\/ul>\n\n\n\n<p><u>Omgeving<\/u><\/p>\n\n\n\n<ul>\n<li>Wandeltips:\n<ul>\n<li>Beginnend van de Watermolen Bels, noordwestelijk aanhouden. Zigzaggend door de knooppuntroutes, richting paardenslenkte (heidestuk), eventueel doorsteken naar Ootmarsum. In die richting zit je goed. Ook richting Uelsen (Duitsland) is een mooie richting.<\/li>\n\n\n\n<li>Duitsland: rond Gildehaus, het Gildehauser Venn, veengebied niet ver van Bad Bentheim. Bad Bentheim heeft een mooi oud centrum.<\/li>\n\n\n\n<li>Rond \u2019t Singraven zijn ook mooie routes te vinden, richting het kanaal. Goede parkeergelegenheid is rond Beuningen en dan stukken tussen Denekamp en Oldenzaal te zigzaggen.<\/li>\n\n\n\n<li>De Lutte\/Lutterzand, achter Oldenzaal; mooie zandafzettingen van de rivier de Dinkel<\/li>\n<\/ul>\n<\/li>\n\n\n\n<li>Ootmarsum: mooie oude plaats met een gezellig centrum. Ook een verzamelplek geworden voor de lokale kunstenaarsscene, waardoor het centrum veel gallerijen kent. Dit heeft het plaatsje veel rijkdom gebracht, wat wel te zien is.<\/li>\n\n\n\n<li>\u2019t Stift: een soort klooster met kerkje uit de 12<sup>e<\/sup>(?) eeuw, tegenwoordig wordt er jaarlijks \u2019t Stiftfestival georganiseerd waar allerhande klassiek gespeeld wordt. Prachtige oude omgeving om tot rust te komen, er is een gelegenheid voor een kop thee of kleine lunch te nuttigen. \u2019s Zomers heerlijk om in de tuin een boek open te slaan en van de rust te genieten.<\/li>\n\n\n\n<li>Voor kinderen:\n<ul>\n<li>Allerlei speeltuinen zoals de Morskieft, 1 km van het huisje. Veel caf\u00e9s en eetgelegenheden hebben grote speeltuinen voor kinderen.<\/li>\n\n\n\n<li>Aardbeiplukken bij de Manderveense Aarbei; je krijgt een mandje en kan naar hartenlust plukken.<\/li>\n\n\n\n<li>Hoeve \u2019t Springendal, kinderboerderij<\/li>\n<\/ul>\n<\/li>\n\n\n\n<li>Singraven, watermolen, bistro en landwinkel. De watermolen is prachtig, aan de achterkant is een weide waar je kan picknicken. In de omgeving starten ook een aantal wandel- en fietsroutes. Het caf\u00e9 en terras is goed om uit te blazen bij terugkomst.<\/li>\n\n\n\n<li>Bad Bentheim, Duitsland. Oud kasteel, ik meen nog in het bezit van de Oranjes. Leuk caf\u00e9tje binnen. Rond het kasteel is het een mooi stadje.<\/li>\n\n\n\n<li>De IJsselsteden: Deventer, Zwolle, Zutphen. Dit is al op ruim een uur rijden, richting het Westen, maar leent zich wel voor een daguitstap. In veel gevallen onbekend en daarom onbemind, maar het zijn levendige en bruisende kleinere steden in Nederland die zeker een bezoek waard zijn.<\/li>\n\n\n\n<li>M\u00fcnster: ook een daguitstap en een uur rijden, maar dan de andere kant op. M\u00fcnster is een leuke universiteitsstad in Duitsland met een jonge bevolking en leuke horecagelegenheden. Rond de oude haven is veel te doen. Ook is M\u00fcnster, met Osnabr\u00fcck, \u00e9\u00e9n van de steden waar de Vrede van Westfalen getekend is, en daarmee bakermat is van het statensysteem (grenzen, landen, staten in plaats van Middeleeuwse koninkrijken, graafschappen en hertogdommen die door erfpolitiek en landjepik van eigenaar wisselden).<\/li>\n<\/ul>\n","protected":false},"excerpt":{"rendered":"<p>Praktisch Eten en drinken Fijnproevers Omgeving<\/p>\n","protected":false},"author":1,"featured_media":0,"parent":0,"menu_order":0,"comment_status":"closed","ping_status":"closed","template":"onecolumn-page.php","meta":[],"_links":{"self":[{"href":"https:\/\/www.reutum.com\/index.php?rest_route=\/wp\/v2\/pages\/285"}],"collection":[{"href":"https:\/\/www.reutum.com\/index.php?rest_route=\/wp\/v2\/pages"}],"about":[{"href":"https:\/\/www.reutum.com\/index.php?rest_route=\/wp\/v2\/types\/page"}],"author":[{"embeddable":true,"href":"https:\/\/www.reutum.com\/index.php?rest_route=\/wp\/v2\/users\/1"}],"replies":[{"embeddable":true,"href":"https:\/\/www.reutum.com\/index.php?rest_route=%2Fwp%2Fv2%2Fcomments&post=285"}],"version-history":[{"count":7,"href":"https:\/\/www.reutum.com\/index.php?rest_route=\/wp\/v2\/pages\/285\/revisions"}],"predecessor-version":[{"id":369,"href":"https:\/\/www.reutum.com\/index.php?rest_route=\/wp\/v2\/pages\/285\/revisions\/369"}],"wp:attachment":[{"href":"https:\/\/www.reutum.com\/index.php?rest_route=%2Fwp%2Fv2%2Fmedia&parent=285"}],"curies":[{"name":"wp","href":"https:\/\/api.w.org\/{rel}","templated":true}]}}